{"id":11,"date":"2013-05-16T15:39:28","date_gmt":"2013-05-16T15:39:28","guid":{"rendered":"http:\/\/ju-jutsu-kiefersfelden.de\/?page_id=11"},"modified":"2026-04-17T06:38:09","modified_gmt":"2026-04-17T06:38:09","slug":"impressum","status":"publish","type":"page","link":"https:\/\/ju-jutsu-kiefersfelden.de\/?page_id=11","title":{"rendered":"Impressum"},"content":{"rendered":"<h5><span style=\"text-decoration: underline; font-family: 'comic sans ms', sans-serif;\"><strong>ASV Kiefersfelden e.V. <\/strong><\/span><\/h5>\n<h5><span style=\"text-decoration: underline; font-family: 'comic sans ms', sans-serif;\">Vereinsregister:<\/span> <span style=\"font-family: 'comic sans ms', sans-serif;\">VR 131 &#8211; Amtsgericht Rosenheim<\/span><\/h5>\n<p><span style=\"text-decoration: underline; font-family: 'comic sans ms', sans-serif;\"><strong>1.Vorstand ASV Kiefersfelden<\/strong><\/span><\/p>\n<p><span style=\"font-family: 'comic sans ms', sans-serif;\">Herr Mayerl Johannes,&nbsp;<\/span><span style=\"font-family: 'comic sans ms', sans-serif;\">Marblingstra\u00dfe 40,&nbsp;<\/span><span style=\"font-family: 'comic sans ms', sans-serif;\">D- 83088 Kiefersfelden&nbsp; &nbsp; &nbsp; &nbsp; &nbsp; &nbsp; &nbsp; &nbsp; &nbsp; &nbsp; &nbsp; &nbsp;<\/span><span style=\"font-family: 'comic sans ms', sans-serif;\">Tel: 08033-6746<\/span><\/p>\n<hr>\n<p><span style=\"text-decoration: underline; font-family: 'comic sans ms', sans-serif;\"><strong>2.Vorstand ASV Kiefersfelden<\/strong><\/span><\/p>\n<p><span style=\"font-family: 'comic sans ms', sans-serif;\"><strong>Herr Zach Thomas,&nbsp;<\/strong><\/span><span style=\"font-family: 'comic sans ms', sans-serif;\">Mesnerweg 16&nbsp;<\/span><span style=\"font-family: 'comic sans ms', sans-serif;\">D-83088 Kiefersfelden&nbsp; &nbsp; &nbsp; &nbsp; &nbsp; &nbsp; &nbsp; &nbsp; &nbsp; &nbsp; &nbsp; &nbsp; &nbsp; &nbsp; &nbsp; &nbsp; &nbsp; &nbsp; <\/span><span style=\"font-family: 'comic sans ms', sans-serif;\">Tel.: 08033-3587&nbsp;<\/span><\/p>\n<p><span style=\"font-family: 'comic sans ms', sans-serif;\">Internet Hauptverein: www.allgemeiner-sportverein-kiefersfelden.de\/<\/span><\/p>\n<p>&nbsp;<\/p>\n<h5><span style=\"text-decoration: underline;\"><strong>Abteilung Ju Jutsu:<\/strong> <\/span><\/h5>\n<h5>Abteilungsleiter: Hr. Zach Thomas, Mesnerweg 16 D-83088 Kiefersfelden<\/h5>\n<p><span style=\"font-family: 'comic sans ms', sans-serif;\">Sponsor: <a href=\"http:\/\/www.suchekarten.de\/\" target=\"_blank\" rel=\"noopener\">Kartenverlag Huber (KVH) 83088 Kiefersfelden<\/a><\/span><\/p>\n<hr>\n<p><span style=\"text-decoration: underline; font-family: 'comic sans ms', sans-serif;\"><strong>Haftungshinweis:<\/strong><\/span><\/p>\n<p><span style=\"font-family: 'comic sans ms', sans-serif;\">Trotz sorgf\u00e4ltiger inhaltlicher Kontrolle \u00fcbernehmen wir keine Haftung f\u00fcr die Inhalte externer Links. F\u00fcr den Inhalt der verlinkten Seiten sind ausschlie\u00dflich deren Betreiber verantwortlich. Diese Erkl\u00e4rung gilt f\u00fcr alle auf dieser Website (Homepage inklusive aller Unterseiten) angebrachten Links.<\/span><\/p>\n<p>&nbsp;<\/p>\n","protected":false},"excerpt":{"rendered":"<p>ASV Kiefersfelden e.V. Vereinsregister: VR 131 &#8211; Amtsgericht Rosenheim 1.Vorstand ASV Kiefersfelden Herr Mayerl Johannes,&nbsp;Marblingstra\u00dfe 40,&nbsp;D- 83088 Kiefersfelden&nbsp; &nbsp; &nbsp; &nbsp; &nbsp; &nbsp; &nbsp; &nbsp; &nbsp; &nbsp; &nbsp; &nbsp;Tel: 08033-6746 &hellip; <a href=\"https:\/\/ju-jutsu-kiefersfelden.de\/?page_id=11\" class=\"more-link\"><span class=\"screen-reader-text\">Impressum<\/span> weiterlesen <span class=\"meta-nav\">&rarr;<\/span><\/a><\/p>\n","protected":false},"author":1,"featured_media":0,"parent":0,"menu_order":0,"comment_status":"open","ping_status":"open","template":"","meta":{"ngg_post_thumbnail":0,"footnotes":""},"class_list":["post-11","page","type-page","status-publish","hentry"],"_links":{"self":[{"href":"https:\/\/ju-jutsu-kiefersfelden.de\/index.php?rest_route=\/wp\/v2\/pages\/11","targetHints":{"allow":["GET"]}}],"collection":[{"href":"https:\/\/ju-jutsu-kiefersfelden.de\/index.php?rest_route=\/wp\/v2\/pages"}],"about":[{"href":"https:\/\/ju-jutsu-kiefersfelden.de\/index.php?rest_route=\/wp\/v2\/types\/page"}],"author":[{"embeddable":true,"href":"https:\/\/ju-jutsu-kiefersfelden.de\/index.php?rest_route=\/wp\/v2\/users\/1"}],"replies":[{"embeddable":true,"href":"https:\/\/ju-jutsu-kiefersfelden.de\/index.php?rest_route=%2Fwp%2Fv2%2Fcomments&post=11"}],"version-history":[{"count":29,"href":"https:\/\/ju-jutsu-kiefersfelden.de\/index.php?rest_route=\/wp\/v2\/pages\/11\/revisions"}],"predecessor-version":[{"id":1489,"href":"https:\/\/ju-jutsu-kiefersfelden.de\/index.php?rest_route=\/wp\/v2\/pages\/11\/revisions\/1489"}],"wp:attachment":[{"href":"https:\/\/ju-jutsu-kiefersfelden.de\/index.php?rest_route=%2Fwp%2Fv2%2Fmedia&parent=11"}],"curies":[{"name":"wp","href":"https:\/\/api.w.org\/{rel}","templated":true}]}}