{"id":229,"date":"2013-07-21T09:48:20","date_gmt":"2013-07-21T09:48:20","guid":{"rendered":"http:\/\/ju-jutsu-kiefersfelden.de\/?page_id=229"},"modified":"2025-02-21T10:32:49","modified_gmt":"2025-02-21T10:32:49","slug":"aktuelles","status":"publish","type":"page","link":"https:\/\/ju-jutsu-kiefersfelden.de\/?page_id=229","title":{"rendered":"Frauen-Selbstbehauptung und Selbstverteidigung"},"content":{"rendered":"\n<h5>&nbsp;<\/h5>\n<div style=\"width: 604px;\" class=\"wp-video\"><video class=\"wp-video-shortcode\" id=\"video-229-1\" width=\"604\" height=\"340\" preload=\"metadata\" controls=\"controls\"><source type=\"video\/mp4\" src=\"https:\/\/ju-jutsu-kiefersfelden.de\/wp-content\/uploads\/2024\/09\/FrauenselbstSicherheit-Gewaltpraevention-Selbstbehauptung-Frauen-Selbstverteidigung.mp4?_=1\" \/><a href=\"https:\/\/ju-jutsu-kiefersfelden.de\/wp-content\/uploads\/2024\/09\/FrauenselbstSicherheit-Gewaltpraevention-Selbstbehauptung-Frauen-Selbstverteidigung.mp4\">https:\/\/ju-jutsu-kiefersfelden.de\/wp-content\/uploads\/2024\/09\/FrauenselbstSicherheit-Gewaltpraevention-Selbstbehauptung-Frauen-Selbstverteidigung.mp4<\/a><\/video><\/div>\n\n\n\n\n<h5>&nbsp;<\/h5>\n<h5><strong>Hilfe holen, ohne &#8222;Hilfe&#8220; zu schreien&#8230;.<\/strong><\/h5>\n<p>Internationales Handzeichen um diskret um Hilfe zu bitten.. Die Geste funktioniert so: Es wird die Handfl\u00e4che gezeigt, mit angelegten Daumen, w\u00e4hrend die anderen Finger gestreckt sind. Dann legt man alle Finger \u00fcber den Daumen, also schlie\u00dft man die Hand zu einer Faust. Danach \u00f6ffnet man sie wieder und wiederholt das ganze usw. Das Zeichen wurde bewu\u00dft als Bewegung und nicht als statische Geste entwickelt, da man so leichter Aufmerksamkeit erzeugt. Man kann sie in der \u00d6ffentlichkeit, aber auch beim Video Anruf anwenden.<\/p>\n<h5><img decoding=\"async\" src=\"https:\/\/ju-jutsu-kiefersfelden.de\/wp-content\/uploads\/2025\/02\/Handzeichen-fuer-den-Notfall.jpg\" alt=\"\"><\/h5>\n<h5><img decoding=\"async\" src=\"https:\/\/ju-jutsu-kiefersfelden.de\/wp-content\/uploads\/2025\/02\/HIlferuf-beim-gehen.jpg\" alt=\"\"><\/h5>\n<h5>Ist Luise hier?<\/h5>\n<p>Im Nachtleben &#8211; also in Lokalen, Clubs ect. &#8211; k\u00f6nnen Frauen mit der Frage nach &#8222;LUISA&#8220; darauf aufmerksam machen, dass sie bedr\u00e4ngt, verfolgt, oder sexuell bel\u00e4stigt werden bzw. sich bedroht oder nicht sicher f\u00fchlen.&nbsp; &nbsp;Mit dem Projekt &#8222;Luisa ist hier&#8220; soll in der \u00f6ffentlichkeit einerseits Bewusstsein f\u00fcr dieses strukturelle Problem geschaffen, anderseits Betroffenen eine konkrete Hilfestellung angeboten werden. Wer sich also unwohl f\u00fchlt oder Angst hat, wendet sich einfach an die Mitarbeiterinnen in teilnhemenden Lokalen und fragt: &#8222;Ist Luisa hier?&#8220;<\/p>\n<h5><img decoding=\"async\" src=\"https:\/\/ju-jutsu-kiefersfelden.de\/wp-content\/uploads\/2025\/02\/Luisa.jpg\" alt=\"\"><\/h5>\n<h5>&nbsp;<\/h5>\n<h5>Dr. Viola hilft im Gesundheitsbereich&#8230;.<\/h5>\n<h5><img decoding=\"async\" src=\"https:\/\/ju-jutsu-kiefersfelden.de\/wp-content\/uploads\/2025\/02\/Dr.-Viola.jpg\" alt=\"\"><\/h5>\n<h5><span style=\"font-size: revert; font-family: 'Source Sans Pro', Helvetica, sans-serif;\">Die Gewaltschutzeinrichtungen des Landeskrankenhaus Innsbruck haben es sich zur Aufgabe gemacht, die Klinik als sicheren Ort in der Bev\u00f6lkerung bekannt zu machen.<\/span><\/h5>\n<div class=\"fckeditorStatic\">\n<p><strong>\u201eIch muss zu Dr. Viola!\u201c<\/strong> Dieser Satz hilft Betroffenen jeden Alters und Geschlechts, die sich akut bedroht f\u00fchlen und Schutz und Hilfe in der Klinik suchen.&nbsp; Alle Mitarbeiter:innen am Areal der Klinik Innsbruck sind \u00fcber den Notruf informiert und leiten alle notwendigen Schritte in die Wege um der betroffenen Person zu helfen und sie vor allem in Sicherheit zu bringen. In dern Triol Kliniken l\u00e4uft die Initiative bereits seit dem Jahr 2021, dort hat man sehr gute Erfahrungen damit gemacht, das Angebot wurde bisher 73 Mal in Anspruch genommen. Aber etwa auch in den Tiroler Bezirkskrankenh\u00e4usern ist &#8222;Dr. Viola&#8220; bereits im Dienst.<\/p>\n<\/div>\n<h5>&nbsp;<\/h5>\n<h5><strong>Gewalt gegen Frauen:<\/strong><\/h5>\n<pre><strong>Jede f\u00fcnfte Frau wird in \u00d6sterreich im Laufe ihres Lebens einmal Opfer von Gewalt. Frauen wird zu Hause, am Arbeitsplatz, in der \u00d6ffentlichkeit und im Internet Gewalt angetan. Jede f\u00fcnfte \u00d6sterreicherin seit ihrem 15. Lebensjahr mindestens einmal in ihrem Leben eine k\u00f6rperliche und\/oder sexuelle Gewalterfahrung erlebt.&nbsp;Dazu kommen die F\u00e4lle psychischer Gewalt \u201ewie Drohungen, Beschimpfungen, Dem\u00fctigungen.&nbsp;Das sind Formen von Gewalt mit massiven Langzeitfolgen, die dazu oft in k\u00f6rperliche Gewalt \u00fcbergehen.<\/strong><\/pre>\n<h5><strong>Gewaltpr\u00e4vention &#8211; Selbstbehauptung &#8211; <\/strong><strong>Selbstverteidigung<\/strong> <strong>f\u00fcr Frauen und M\u00e4dchen!&nbsp;<\/strong><\/h5>\n<h5><span style=\"font-family: OpenSansBold, Arial, sans-serif;\"><span style=\"text-decoration: underline;\"><b>Kurs auf Anfrage &#8211; mindest Teilnehmer 12<\/b><\/span><\/span><\/h5>\n<h5><span style=\"font-family: 'comic sans ms', sans-serif;\">Sportliche Voraussetzungen f\u00fcr die Kursteilnehmerinnen werden&nbsp; keine ben\u00f6tigt. &#8211; <\/span><strong>F\u00fcr M\u00e4dchen ab 14 Jahren<\/strong>.&nbsp;<\/h5>\n<pre><strong><span style=\"font-family: 'comic sans ms', sans-serif;\"><span style=\"font-family: 'comic sans ms', sans-serif; font-size: 12pt;\">Motto:&nbsp; - Obacht geben - l\u00e4nger Leben!&nbsp; - Gefahrensituationen rechtzeitig erkennen und richtig handeln! - Schlagfertig mit Stimme und K\u00f6rper!<\/span><\/span><\/strong><\/pre>\n<h5>Kursteilnehmerinnen:<\/h5>\nngg_shortcode_0_placeholder\n\n","protected":false},"excerpt":{"rendered":"<p>&nbsp; &nbsp; Hilfe holen, ohne &#8222;Hilfe&#8220; zu schreien&#8230;. Internationales Handzeichen um diskret um Hilfe zu bitten.. Die Geste funktioniert so: Es wird die Handfl\u00e4che gezeigt, mit angelegten Daumen, w\u00e4hrend die &hellip; <a href=\"https:\/\/ju-jutsu-kiefersfelden.de\/?page_id=229\" class=\"more-link\"><span class=\"screen-reader-text\">Frauen-Selbstbehauptung und Selbstverteidigung<\/span> weiterlesen <span class=\"meta-nav\">&rarr;<\/span><\/a><\/p>\n","protected":false},"author":1,"featured_media":0,"parent":0,"menu_order":0,"comment_status":"closed","ping_status":"closed","template":"","meta":{"ngg_post_thumbnail":0,"footnotes":""},"class_list":["post-229","page","type-page","status-publish","hentry"],"_links":{"self":[{"href":"https:\/\/ju-jutsu-kiefersfelden.de\/index.php?rest_route=\/wp\/v2\/pages\/229","targetHints":{"allow":["GET"]}}],"collection":[{"href":"https:\/\/ju-jutsu-kiefersfelden.de\/index.php?rest_route=\/wp\/v2\/pages"}],"about":[{"href":"https:\/\/ju-jutsu-kiefersfelden.de\/index.php?rest_route=\/wp\/v2\/types\/page"}],"author":[{"embeddable":true,"href":"https:\/\/ju-jutsu-kiefersfelden.de\/index.php?rest_route=\/wp\/v2\/users\/1"}],"replies":[{"embeddable":true,"href":"https:\/\/ju-jutsu-kiefersfelden.de\/index.php?rest_route=%2Fwp%2Fv2%2Fcomments&post=229"}],"version-history":[{"count":377,"href":"https:\/\/ju-jutsu-kiefersfelden.de\/index.php?rest_route=\/wp\/v2\/pages\/229\/revisions"}],"predecessor-version":[{"id":1428,"href":"https:\/\/ju-jutsu-kiefersfelden.de\/index.php?rest_route=\/wp\/v2\/pages\/229\/revisions\/1428"}],"wp:attachment":[{"href":"https:\/\/ju-jutsu-kiefersfelden.de\/index.php?rest_route=%2Fwp%2Fv2%2Fmedia&parent=229"}],"curies":[{"name":"wp","href":"https:\/\/api.w.org\/{rel}","templated":true}]}}